{"id":73,"date":"2026-04-14T05:44:27","date_gmt":"2026-04-14T05:44:27","guid":{"rendered":"https:\/\/wake-upafrica.com\/es\/?page_id=73"},"modified":"2026-04-14T05:50:12","modified_gmt":"2026-04-14T05:50:12","slug":"que-hacemos","status":"publish","type":"page","link":"https:\/\/wake-upafrica.com\/es\/que-hacemos\/","title":{"rendered":"Qu\u00e9 hacemos"},"content":{"rendered":"\n<div style=\"background-image:url(&apos;https:\/\/wakeupafrica.help\/es\/wp-content\/uploads\/sites\/2\/2026\/03\/mapa2-1.webp&apos;);background-position:100% 4%;background-repeat:no-repeat;background-size:contain;background-attachment:fixed;\" class=\"wp-block-group alignfull has-tseogray-1-background-color has-background is-layout-constrained wp-container-core-group-is-layout-c0cf8e29 wp-block-group-is-layout-constrained\">\n<div class=\"wp-block-group is-layout-constrained wp-container-core-group-is-layout-32198ee9 wp-block-group-is-layout-constrained\">\n<div style=\"height:30px\" aria-hidden=\"true\" class=\"wp-block-spacer\"><\/div>\n\n\n\n<div class=\"wp-block-columns has-border-color has-background is-layout-flex wp-container-core-columns-is-layout-9d6595d7 wp-block-columns-is-layout-flex\" style=\"border-color:#e9ecef;border-width:1px;border-top-left-radius:8px;border-top-right-radius:8px;border-bottom-left-radius:8px;border-bottom-right-radius:8px;background-color:#ffffffcc\">\n<div class=\"wp-block-column is-layout-flow wp-block-column-is-layout-flow\">\n<p style=\"font-size:26px\">En Wake-Up Africa impulsamos iniciativas que conectan educaci\u00f3n, innovaci\u00f3n, voluntariado y colaboraci\u00f3n internacional para generar oportunidades reales y sostenibles.<\/p>\n\n\n\n<p style=\"font-size:26px\">Trabajamos para transformar talento, conocimiento y compromiso en proyectos con impacto social, especialmente en contextos donde la formaci\u00f3n pr\u00e1ctica, la digitalizaci\u00f3n y la cooperaci\u00f3n pueden abrir nuevas posibilidades de desarrollo.<\/p>\n<\/div>\n<\/div>\n\n\n\n<div class=\"wp-block-columns has-border-color has-background is-layout-flex wp-container-core-columns-is-layout-9d6595d7 wp-block-columns-is-layout-flex\" style=\"border-color:#e9ecef;border-width:1px;border-top-left-radius:8px;border-top-right-radius:8px;border-bottom-left-radius:8px;border-bottom-right-radius:8px;background-color:#ffffffcc\">\n<div class=\"wp-block-column is-layout-flow wp-block-column-is-layout-flow\">\n<h2 class=\"wp-block-heading\">Educaci\u00f3n transformadora<\/h2>\n\n\n\n<p>Promovemos una formaci\u00f3n contextual, pr\u00e1ctica y orientada a la autonom\u00eda personal y profesional. Apostamos por metodolog\u00edas \u00fatiles, adaptadas a las realidades locales y centradas en desarrollar capacidades con aplicaci\u00f3n real.<\/p>\n<\/div>\n\n\n\n<div class=\"wp-block-column is-layout-flow wp-block-column-is-layout-flow\">\n<h2 class=\"wp-block-heading\">Innovaci\u00f3n y digitalizaci\u00f3n<\/h2>\n\n\n\n<p>Desarrollamos y apoyamos herramientas digitales, plataformas educativas y soluciones tecnol\u00f3gicas con impacto social. Entendemos la innovaci\u00f3n como una v\u00eda para mejorar el acceso al conocimiento, fortalecer procesos y crear oportunidades sostenibles.<\/p>\n<\/div>\n<\/div>\n<\/div>\n\n\n\n<div class=\"wp-block-group is-layout-constrained wp-container-core-group-is-layout-32198ee9 wp-block-group-is-layout-constrained\">\n<div class=\"wp-block-columns has-border-color has-background is-layout-flex wp-container-core-columns-is-layout-9d6595d7 wp-block-columns-is-layout-flex\" style=\"border-color:#e9ecef;border-width:1px;border-top-left-radius:8px;border-top-right-radius:8px;border-bottom-left-radius:8px;border-bottom-right-radius:8px;background-color:#ffffffcc\">\n<div class=\"wp-block-column is-layout-flow wp-block-column-is-layout-flow\">\n<h2 class=\"wp-block-heading\">Voluntariado con prop\u00f3sito<\/h2>\n\n\n\n<p>Conectamos personas comprometidas con proyectos donde su talento puede aportar valor real. Buscamos perfiles diversos en \u00e1reas como desarrollo web y app, dise\u00f1o UX\/UI, comunicaci\u00f3n, traducci\u00f3n, formaci\u00f3n online, creaci\u00f3n de materiales did\u00e1cticos y apoyo a proyectos.<\/p>\n<\/div>\n\n\n\n<div class=\"wp-block-column is-layout-flow wp-block-column-is-layout-flow\">\n<h2 class=\"wp-block-heading\">Colaboraci\u00f3n internacional<\/h2>\n\n\n\n<p>Fomentamos sinergias entre j\u00f3venes, profesionales, entidades e instituciones de distintos territorios para cocrear soluciones sostenibles. Creemos en una colaboraci\u00f3n equilibrada, basada en el aprendizaje compartido, la complementariedad y el respeto mutuo.<\/p>\n<\/div>\n<\/div>\n\n\n\n<div class=\"wp-block-columns has-border-color has-background is-layout-flex wp-container-core-columns-is-layout-9d6595d7 wp-block-columns-is-layout-flex\" style=\"border-color:#e9ecef;border-width:1px;border-top-left-radius:8px;border-top-right-radius:8px;border-bottom-left-radius:8px;border-bottom-right-radius:8px;background-color:#ffffffcc\">\n<div class=\"wp-block-column is-layout-flow wp-block-column-is-layout-flow\">\n<h2 class=\"wp-block-heading\">C\u00f3mo lo hacemos<\/h2>\n\n\n\n<p>Nuestro modelo de trabajo se basa en una participaci\u00f3n organizada y orientada a resultados:<\/p>\n\n\n\n<p>identificamos necesidades, incorporamos perfiles adecuados, ofrecemos formaci\u00f3n inicial, asignamos tareas con seguimiento y mentor\u00eda, y evaluamos el impacto para mejorar continuamente.<\/p>\n<\/div>\n\n\n\n<div class=\"wp-block-column is-layout-flow wp-block-column-is-layout-flow\">\n<h2 class=\"wp-block-heading\">Qu\u00e9 impacto buscamos<\/h2>\n\n\n\n<p>Queremos contribuir a crear oportunidades m\u00e1s s\u00f3lidas a trav\u00e9s de la formaci\u00f3n, la tecnolog\u00eda, la colaboraci\u00f3n y el desarrollo de capacidades. Nuestro enfoque pone el acento en la autonom\u00eda, la participaci\u00f3n activa y la construcci\u00f3n de soluciones con recorrido en el tiempo.<\/p>\n<\/div>\n<\/div>\n\n\n\n<div class=\"wp-block-columns has-border-color has-background is-layout-flex wp-container-core-columns-is-layout-9d6595d7 wp-block-columns-is-layout-flex\" style=\"border-color:#e9ecef;border-width:1px;border-top-left-radius:8px;border-top-right-radius:8px;border-bottom-left-radius:8px;border-bottom-right-radius:8px;background-color:#ffffffcc\">\n<div class=\"wp-block-column is-layout-flow wp-block-column-is-layout-flow\">\n<h2 class=\"wp-block-heading\">S\u00famate<\/h2>\n\n\n\n<p>Puedes participar como voluntario, aliado o miembro colaborador y formar parte de una red que convierte conocimiento, compromiso y colaboraci\u00f3n en impacto real.<\/p>\n<\/div>\n\n\n\n<div class=\"wp-block-column is-layout-flow wp-block-column-is-layout-flow\">\n<figure class=\"wp-block-image size-full\"><img loading=\"lazy\" decoding=\"async\" width=\"1600\" height=\"1600\" src=\"https:\/\/wake-upafrica.com\/es\/wp-content\/uploads\/sites\/2\/2026\/04\/economia-colaborativa.webp\" alt=\"Economia Colaborativa\" class=\"wp-image-41\" srcset=\"https:\/\/wake-upafrica.com\/es\/wp-content\/uploads\/sites\/2\/2026\/04\/economia-colaborativa.webp 1600w, https:\/\/wake-upafrica.com\/es\/wp-content\/uploads\/sites\/2\/2026\/04\/economia-colaborativa-600x600.webp 600w, https:\/\/wake-upafrica.com\/es\/wp-content\/uploads\/sites\/2\/2026\/04\/economia-colaborativa-300x300.webp 300w, https:\/\/wake-upafrica.com\/es\/wp-content\/uploads\/sites\/2\/2026\/04\/economia-colaborativa-768x768.webp 768w, https:\/\/wake-upafrica.com\/es\/wp-content\/uploads\/sites\/2\/2026\/04\/economia-colaborativa-1536x1536.webp 1536w\" sizes=\"auto, (max-width: 1600px) 100vw, 1600px\" \/><\/figure>\n<\/div>\n<\/div>\n<\/div>\n<\/div>\n\n\n\n<div class=\"wp-block-group has-background is-layout-constrained wp-container-core-group-is-layout-c0cf8e29 wp-block-group-is-layout-constrained\" style=\"background-color:#212121c4\">\n<div class=\"wp-block-group is-layout-constrained wp-container-core-group-is-layout-094a7bb8 wp-block-group-is-layout-constrained\">\n<figure class=\"wp-block-image size-large\"><img decoding=\"async\" src=\"https:\/\/wakeupafrica.help\/es\/wp-content\/uploads\/sites\/2\/2026\/03\/slogan-wake-up-africa-1024x240.webp\" alt=\"Do it, or spark the brain that will\" class=\"wp-image-72\"\/><\/figure>\n<\/div>\n<\/div>\n","protected":false},"excerpt":{"rendered":"<p>En Wake-Up Africa impulsamos iniciativas que conectan educaci\u00f3n, innovaci\u00f3n, voluntariado y colaboraci\u00f3n internacional para generar oportunidades reales y sostenibles. Trabajamos [&hellip;]<\/p>\n","protected":false},"author":1,"featured_media":0,"parent":0,"menu_order":2,"comment_status":"closed","ping_status":"closed","template":"templates\/page-block-all.php","meta":{"_coblocks_attr":"","_coblocks_dimensions":"","_coblocks_responsive_height":"","_coblocks_accordion_ie_support":"","footnotes":""},"class_list":["post-73","page","type-page","status-publish","hentry"],"_links":{"self":[{"href":"https:\/\/wake-upafrica.com\/es\/wp-json\/wp\/v2\/pages\/73","targetHints":{"allow":["GET"]}}],"collection":[{"href":"https:\/\/wake-upafrica.com\/es\/wp-json\/wp\/v2\/pages"}],"about":[{"href":"https:\/\/wake-upafrica.com\/es\/wp-json\/wp\/v2\/types\/page"}],"author":[{"embeddable":true,"href":"https:\/\/wake-upafrica.com\/es\/wp-json\/wp\/v2\/users\/1"}],"replies":[{"embeddable":true,"href":"https:\/\/wake-upafrica.com\/es\/wp-json\/wp\/v2\/comments?post=73"}],"version-history":[{"count":1,"href":"https:\/\/wake-upafrica.com\/es\/wp-json\/wp\/v2\/pages\/73\/revisions"}],"predecessor-version":[{"id":74,"href":"https:\/\/wake-upafrica.com\/es\/wp-json\/wp\/v2\/pages\/73\/revisions\/74"}],"wp:attachment":[{"href":"https:\/\/wake-upafrica.com\/es\/wp-json\/wp\/v2\/media?parent=73"}],"curies":[{"name":"wp","href":"https:\/\/api.w.org\/{rel}","templated":true}]}}